{"id":701,"date":"2026-03-12T16:54:26","date_gmt":"2026-03-12T15:54:26","guid":{"rendered":"https:\/\/allegra.mideas.es\/?page_id=701"},"modified":"2026-04-23T13:17:43","modified_gmt":"2026-04-23T11:17:43","slug":"historia","status":"publish","type":"page","link":"https:\/\/escuelalibreallegra.es\/en\/historia\/","title":{"rendered":"Nuestra Historia"},"content":{"rendered":"\t\t<div data-elementor-type=\"wp-page\" data-elementor-id=\"701\" class=\"elementor elementor-701\" data-elementor-post-type=\"page\">\n\t\t\t\t<div class=\"elementor-element elementor-element-d591bae e-con-full e-flex e-con e-parent\" data-id=\"d591bae\" data-element_type=\"container\" data-e-type=\"container\" data-settings=\"{&quot;background_background&quot;:&quot;classic&quot;}\">\n\t\t<div class=\"elementor-element elementor-element-b9fbd42 e-flex e-con-boxed e-con e-child\" data-id=\"b9fbd42\" data-element_type=\"container\" data-e-type=\"container\">\n\t\t\t\t\t<div class=\"e-con-inner\">\n\t\t\t\t<div class=\"elementor-element elementor-element-aacf3a0 elementor-widget elementor-widget-heading\" data-id=\"aacf3a0\" data-element_type=\"widget\" data-e-type=\"widget\" data-widget_type=\"heading.default\">\n\t\t\t\t\t<h4 class=\"elementor-heading-title elementor-size-default\">Un espacio en el que crecer sin prisa<\/h4>\t\t\t\t<\/div>\n\t\t\t\t\t<\/div>\n\t\t\t\t<\/div>\n\t\t\t\t<\/div>\n\t\t<div class=\"elementor-element elementor-element-62219a9 e-con-full e-flex e-con e-parent\" data-id=\"62219a9\" data-element_type=\"container\" data-e-type=\"container\">\n\t\t\t\t<div class=\"elementor-element elementor-element-a33d223 elementor--h-position-center elementor--v-position-middle elementor-widget elementor-widget-slides\" data-id=\"a33d223\" data-element_type=\"widget\" data-e-type=\"widget\" data-settings=\"{&quot;navigation&quot;:&quot;none&quot;,&quot;autoplay_speed&quot;:10000,&quot;transition_speed&quot;:2000,&quot;autoplay&quot;:&quot;yes&quot;,&quot;pause_on_hover&quot;:&quot;yes&quot;,&quot;pause_on_interaction&quot;:&quot;yes&quot;,&quot;infinite&quot;:&quot;yes&quot;,&quot;transition&quot;:&quot;slide&quot;}\" data-widget_type=\"slides.default\">\n\t\t\t\t\t\t\t\t\t\t<div class=\"elementor-slides-wrapper elementor-main-swiper swiper\" role=\"region\" aria-roledescription=\"carousel\" aria-label=\"Slides\" dir=\"ltr\" data-animation=\"fadeInUp\">\n\t\t\t\t<div class=\"swiper-wrapper elementor-slides\">\n\t\t\t\t\t\t\t\t\t\t<div class=\"elementor-repeater-item-fdf78b1 swiper-slide\" role=\"group\" aria-roledescription=\"slide\"><div class=\"swiper-slide-bg\" role=\"img\" aria-label=\"WhatsApp-Image-2018-10-21-at-17.52.47-1\"><\/div><div class=\"swiper-slide-inner\" ><div class=\"swiper-slide-contents\"><\/div><\/div><\/div>\t\t\t\t<\/div>\n\t\t\t\t\t\t\t<\/div>\n\t\t\t\t\t\t\t\t<\/div>\n\t\t\t\t<\/div>\n\t\t<div class=\"elementor-element elementor-element-a57fe14 e-flex e-con-boxed e-con e-parent\" data-id=\"a57fe14\" data-element_type=\"container\" data-e-type=\"container\">\n\t\t\t\t\t<div class=\"e-con-inner\">\n\t\t\t\t<div class=\"elementor-element elementor-element-ba4a573 elementor-widget elementor-widget-text-editor\" data-id=\"ba4a573\" data-element_type=\"widget\" data-e-type=\"widget\" data-widget_type=\"text-editor.default\">\n\t\t\t\t\t\t\t\t\t<p>La Escuela Libre Allegra es una escuela infantil ubicada en\u00a0<a href=\"https:\/\/www.escuelalibreallegra.es\/contacto\/\">Aravaca<\/a>, muy cerca de Pozuelo y a pocos minutos de Madrid.\u00a0<a href=\"https:\/\/www.escuelalibreallegra.es\/profesores-waldorf-aravaca\/\">Raquel Rodr\u00edguez<\/a>, maestra de educaci\u00f3n infantil y maestra Waldorf la fund\u00f3 con la intenci\u00f3n de ofrecer a los ni\u00f1os un espacio donde sean libremente acompa\u00f1ados seg\u00fan su temperamento, su familia, sus impulsos vitales\u2026<\/p><p>La Escuela Libre Allegra es fruto de la observaci\u00f3n de Raquel durante sus m\u00e1s de quince a\u00f1os trabajando con ni\u00f1os en aulas de escuelas\u00a0Waldorf.\u00a0Durante este tiempo, descubri\u00f3 que el impulso de salir al mundo exterior de los peque\u00f1os se genera cada vez con mayor antelaci\u00f3n y decidi\u00f3 crear un crear un lugar en el que no haya prisas ni pretensiones, donde los alumnos puedan empezar a abrillantar el motor que posteriormente hay que activar, ese motor interno, propio de cada individuo, que es lo que marca la diferencia y lo que favorece un tipo de vida u otra.<\/p><p>Ese motor es el que queremos cuidar, alimentar, engrasar, y sobre todo respetar en nuestra escuela, siempre al lado de las familias, de sus posibilidades emocionales y sus prioridades como educadores fundamentales de sus hijos. Nuestro modelo educativo est\u00e1 basado en pedagog\u00edas alternativas al modelo de los colegios tradicionales, como son Waldorf o\u00a0Emmi Pikker.<\/p><p>En Allegra trabajamos numerosos aspectos: equilibrio (f\u00edsico, que tiene que ver con el emocional), calor, ritmos, alimentaci\u00f3n, integraci\u00f3n sensorial, psicomotricidad y movimiento fluido, relaciones externas con los otros, autonom\u00eda, capacidad de recrear escenas vividas, so\u00f1ar, crear, imaginar\u2026<\/p><p><a href=\"https:\/\/www.escuelalibreallegra.es\/filosofia-escuela-infantil-en-aravaca\/\">Nuestra filosof\u00eda<\/a>\u00a0no es cuidado del ni\u00f1o a nivel b\u00e1sico si no, un cuidado y un acompa\u00f1amiento m\u00e1s profundo.<\/p>\t\t\t\t\t\t\t\t<\/div>\n\t\t\t\t<div class=\"elementor-element elementor-element-00444de elementor-widget-divider--separator-type-pattern elementor-widget-divider--view-line elementor-widget elementor-widget-divider\" data-id=\"00444de\" data-element_type=\"widget\" data-e-type=\"widget\" data-widget_type=\"divider.default\">\n\t\t\t\t\t\t\t<div class=\"elementor-divider\" style=\"--divider-pattern-url: url(&quot;data:image\/svg+xml,%3Csvg xmlns=&#039;http:\/\/www.w3.org\/2000\/svg&#039; preserveAspectRatio=&#039;none&#039; overflow=&#039;visible&#039; height=&#039;100%&#039; viewBox=&#039;0 0 24 24&#039; fill=&#039;none&#039; stroke=&#039;black&#039; stroke-width=&#039;2&#039; stroke-linecap=&#039;square&#039; stroke-miterlimit=&#039;10&#039;%3E%3Cpath d=&#039;M0,6c6,0,6,13,12,13S18,6,24,6&#039;\/%3E%3C\/svg%3E&quot;);\">\n\t\t\t<span class=\"elementor-divider-separator\">\n\t\t\t\t\t\t<\/span>\n\t\t<\/div>\n\t\t\t\t\t\t<\/div>\n\t\t\t\t\t<\/div>\n\t\t\t\t<\/div>\n\t\t\t\t<\/div>\n\t\t","protected":false},"excerpt":{"rendered":"<p>Un espacio en el que crecer sin prisa La Escuela Libre Allegra es una escuela infantil ubicada en\u00a0Aravaca, muy cerca de Pozuelo y a pocos minutos de Madrid.\u00a0Raquel Rodr\u00edguez, maestra de educaci\u00f3n infantil y maestra Waldorf la fund\u00f3 con la intenci\u00f3n de ofrecer a los ni\u00f1os un espacio donde sean libremente acompa\u00f1ados seg\u00fan su temperamento, [&hellip;]<\/p>\n","protected":false},"author":1,"featured_media":0,"parent":0,"menu_order":0,"comment_status":"closed","ping_status":"closed","template":"elementor_header_footer","meta":{"footnotes":""},"class_list":["post-701","page","type-page","status-publish","hentry"],"aioseo_notices":[],"_links":{"self":[{"href":"https:\/\/escuelalibreallegra.es\/en\/wp-json\/wp\/v2\/pages\/701","targetHints":{"allow":["GET"]}}],"collection":[{"href":"https:\/\/escuelalibreallegra.es\/en\/wp-json\/wp\/v2\/pages"}],"about":[{"href":"https:\/\/escuelalibreallegra.es\/en\/wp-json\/wp\/v2\/types\/page"}],"author":[{"embeddable":true,"href":"https:\/\/escuelalibreallegra.es\/en\/wp-json\/wp\/v2\/users\/1"}],"replies":[{"embeddable":true,"href":"https:\/\/escuelalibreallegra.es\/en\/wp-json\/wp\/v2\/comments?post=701"}],"version-history":[{"count":1,"href":"https:\/\/escuelalibreallegra.es\/en\/wp-json\/wp\/v2\/pages\/701\/revisions"}],"predecessor-version":[{"id":979,"href":"https:\/\/escuelalibreallegra.es\/en\/wp-json\/wp\/v2\/pages\/701\/revisions\/979"}],"wp:attachment":[{"href":"https:\/\/escuelalibreallegra.es\/en\/wp-json\/wp\/v2\/media?parent=701"}],"curies":[{"name":"wp","href":"https:\/\/api.w.org\/{rel}","templated":true}]}}