{"id":685,"date":"2026-03-11T20:53:59","date_gmt":"2026-03-11T19:53:59","guid":{"rendered":"https:\/\/allegra.mideas.es\/?page_id=685"},"modified":"2026-04-23T00:47:12","modified_gmt":"2026-04-22T22:47:12","slug":"la-esencia-pedagogica-de-allegra","status":"publish","type":"page","link":"https:\/\/escuelalibreallegra.es\/en\/la-esencia-pedagogica-de-allegra\/","title":{"rendered":"La esencia pedag\u00f3gica de Allegra"},"content":{"rendered":"\t\t<div data-elementor-type=\"wp-page\" data-elementor-id=\"685\" class=\"elementor elementor-685\" data-elementor-post-type=\"page\">\n\t\t\t\t<div class=\"elementor-element elementor-element-572a314 e-con-full e-flex e-con e-parent\" data-id=\"572a314\" data-element_type=\"container\" data-e-type=\"container\" data-settings=\"{&quot;background_background&quot;:&quot;classic&quot;}\">\n\t\t<div class=\"elementor-element elementor-element-066670e e-flex e-con-boxed e-con e-child\" data-id=\"066670e\" data-element_type=\"container\" data-e-type=\"container\">\n\t\t\t\t\t<div class=\"e-con-inner\">\n\t\t\t\t<div class=\"elementor-element elementor-element-cc5e212 elementor-widget elementor-widget-heading\" data-id=\"cc5e212\" data-element_type=\"widget\" data-e-type=\"widget\" data-widget_type=\"heading.default\">\n\t\t\t\t\t<h4 class=\"elementor-heading-title elementor-size-default\">Fusi\u00f3n Waldorf &amp; Montessori<\/h4>\t\t\t\t<\/div>\n\t\t\t\t\t<\/div>\n\t\t\t\t<\/div>\n\t\t\t\t<\/div>\n\t\t<div class=\"elementor-element elementor-element-32e4675 e-con-full e-flex e-con e-parent\" data-id=\"32e4675\" data-element_type=\"container\" data-e-type=\"container\">\n\t\t\t\t<div class=\"elementor-element elementor-element-3421ecb elementor--h-position-center elementor--v-position-middle elementor-widget elementor-widget-slides\" data-id=\"3421ecb\" data-element_type=\"widget\" data-e-type=\"widget\" data-settings=\"{&quot;navigation&quot;:&quot;none&quot;,&quot;autoplay_speed&quot;:10000,&quot;transition_speed&quot;:2000,&quot;autoplay&quot;:&quot;yes&quot;,&quot;pause_on_hover&quot;:&quot;yes&quot;,&quot;pause_on_interaction&quot;:&quot;yes&quot;,&quot;infinite&quot;:&quot;yes&quot;,&quot;transition&quot;:&quot;slide&quot;}\" data-widget_type=\"slides.default\">\n\t\t\t\t\t\t\t\t\t\t<div class=\"elementor-slides-wrapper elementor-main-swiper swiper\" role=\"region\" aria-roledescription=\"carousel\" aria-label=\"Slides\" dir=\"ltr\" data-animation=\"fadeInUp\">\n\t\t\t\t<div class=\"swiper-wrapper elementor-slides\">\n\t\t\t\t\t\t\t\t\t\t<div class=\"elementor-repeater-item-fdf78b1 swiper-slide\" role=\"group\" aria-roledescription=\"slide\"><div class=\"swiper-slide-bg\" role=\"img\" aria-label=\"cheque-guarderia-Escuela-Libre-Allegra-4x\"><\/div><div class=\"swiper-slide-inner\" ><div class=\"swiper-slide-contents\"><\/div><\/div><\/div><div class=\"elementor-repeater-item-087ee67 swiper-slide\" role=\"group\" aria-roledescription=\"slide\"><div class=\"swiper-slide-bg\" role=\"img\" aria-label=\"Escuela Infantil Madrid\"><\/div><div class=\"swiper-slide-inner\" ><div class=\"swiper-slide-contents\"><\/div><\/div><\/div><div class=\"elementor-repeater-item-b45734c swiper-slide\" role=\"group\" aria-roledescription=\"slide\"><div class=\"swiper-slide-bg\" role=\"img\" aria-label=\"pintar-con-colores-primarios\"><\/div><div class=\"swiper-slide-inner\" ><div class=\"swiper-slide-contents\"><\/div><\/div><\/div>\t\t\t\t<\/div>\n\t\t\t\t\t\t\t\t\t\t\t\t\t\t\t\t\t\t\t\t\t<\/div>\n\t\t\t\t\t\t\t\t<\/div>\n\t\t\t\t<\/div>\n\t\t<div class=\"elementor-element elementor-element-d789527 e-flex e-con-boxed e-con e-parent\" data-id=\"d789527\" data-element_type=\"container\" data-e-type=\"container\">\n\t\t\t\t\t<div class=\"e-con-inner\">\n\t\t\t\t<div class=\"elementor-element elementor-element-2301697 elementor-widget elementor-widget-text-editor\" data-id=\"2301697\" data-element_type=\"widget\" data-e-type=\"widget\" data-widget_type=\"text-editor.default\">\n\t\t\t\t\t\t\t\t\t<p><span style=\"font-weight: 400;\">Allegra es una escuela que integra de manera viva y coherente la pedagog\u00eda Waldorf y la metodolog\u00eda Montessori.<\/span><\/p><p><span style=\"font-weight: 400;\">Una propuesta de escuela infantil alternativa donde ambas pedagog\u00edas se complementan.<\/span><\/p><p><span style=\"font-weight: 400;\">Esta fusi\u00f3n consciente nos permite ofrecer un acompa\u00f1amiento profundo dentro de una escuela infantil alternativa, donde la calidez, el respeto por los ritmos y el ambiente cuidadosamente preparado conviven en equilibrio.<\/span><\/p><p><span style=\"font-weight: 400;\">El objetivo es favorecer la autonom\u00eda, la confianza y el aprendizaje significativo desde la primera infancia<\/span><\/p><p><span style=\"font-weight: 400;\">En <\/span><b>Allegra<\/b> <span style=\"font-weight: 400;\">trabajamos con materiales Montessori, dise\u00f1ados para que el ni\u00f1o aprenda por s\u00ed mismo a trav\u00e9s de la experiencia directa. No son juguetes, sino <\/span><b>herramientas pedag\u00f3gicas<\/b><span style=\"font-weight: 400;\"> con un prop\u00f3sito claro: despertar la curiosidad, favorecer la concentraci\u00f3n y facilitar la comprensi\u00f3n de conceptos de forma concreta, sensorial y significativa.<\/span><\/p><p><span style=\"font-weight: 400;\">Las presentaciones de los materiales Montessori se realizan con precisi\u00f3n y delicadeza. Mostramos su uso, acompa\u00f1amos el inicio y despu\u00e9s confiamos en el proceso. El ni\u00f1o explora, repite, se equivoca, corrige y consolida el aprendizaje a su propio ritmo. As\u00ed construye algo m\u00e1s valioso que el conocimiento: <\/span><span style=\"font-weight: 400;\">desarrolla <\/span><b>autonom\u00eda, seguridad y confianza en s\u00ed mismo<\/b><span style=\"font-weight: 400;\">.<\/span><\/p><p><span style=\"font-weight: 400;\">El orden y la organizaci\u00f3n son pilares fundamentales de nuestro proyecto educativo. Un <\/span><b>ambiente preparado Montessori<\/b><span style=\"font-weight: 400;\">,<\/span><span style=\"font-weight: 400;\"> estructurado y armonioso, ofrece seguridad emocional, favorece la concentraci\u00f3n y aporta calma. El orden externo ayuda al ni\u00f1o a desarrollar un orden interno, base para una vida m\u00e1s equilibrada, consciente y tranquila.<\/span><\/p><p><span style=\"font-weight: 400;\">Uno de los grandes objetivos en Allegra es fomentar la<\/span> <b>autonom\u00eda infantil<\/b> <span style=\"font-weight: 400;\">y la independencia. Acompa\u00f1amos a ni\u00f1os y ni\u00f1as para que se sientan capaces, responsables y seguros de s\u00ed mismos. Desde elegir un material, preparar su desayuno, recoger el aula o cuidar el huerto, cada acci\u00f3n fortalece su autoestima y su sentido de competencia.<\/span><\/p><p><span style=\"font-weight: 400;\">La uni\u00f3n entre <\/span><b>pedagog\u00eda Montessori y Waldorf<\/b><span style=\"font-weight: 400;\"> nos permite acompa\u00f1ar a cada ni\u00f1o como un ser pleno, respetando su ritmo de desarrollo y ofreci\u00e9ndole las herramientas necesarias para crecer libre, aut\u00f3nomo y profundamente conectado consigo mismo y con el mundo.<\/span><\/p>\t\t\t\t\t\t\t\t<\/div>\n\t\t\t\t<div class=\"elementor-element elementor-element-af4416a elementor-widget-divider--separator-type-pattern elementor-widget-divider--view-line elementor-widget elementor-widget-divider\" data-id=\"af4416a\" data-element_type=\"widget\" data-e-type=\"widget\" data-widget_type=\"divider.default\">\n\t\t\t\t\t\t\t<div class=\"elementor-divider\" style=\"--divider-pattern-url: url(&quot;data:image\/svg+xml,%3Csvg xmlns=&#039;http:\/\/www.w3.org\/2000\/svg&#039; preserveAspectRatio=&#039;none&#039; overflow=&#039;visible&#039; height=&#039;100%&#039; viewBox=&#039;0 0 24 24&#039; fill=&#039;none&#039; stroke=&#039;black&#039; stroke-width=&#039;2&#039; stroke-linecap=&#039;square&#039; stroke-miterlimit=&#039;10&#039;%3E%3Cpath d=&#039;M0,6c6,0,6,13,12,13S18,6,24,6&#039;\/%3E%3C\/svg%3E&quot;);\">\n\t\t\t<span class=\"elementor-divider-separator\">\n\t\t\t\t\t\t<\/span>\n\t\t<\/div>\n\t\t\t\t\t\t<\/div>\n\t\t\t\t\t<\/div>\n\t\t\t\t<\/div>\n\t\t<div class=\"elementor-element elementor-element-593daaa e-flex e-con-boxed e-con e-parent\" data-id=\"593daaa\" data-element_type=\"container\" data-e-type=\"container\">\n\t\t\t\t\t<div class=\"e-con-inner\">\n\t\t\t\t<div class=\"elementor-element elementor-element-2b5a851 gallery-spacing-custom elementor-widget elementor-widget-image-gallery\" data-id=\"2b5a851\" data-element_type=\"widget\" data-e-type=\"widget\" data-widget_type=\"image-gallery.default\">\n\t\t\t\t\t\t\t<div class=\"elementor-image-gallery\">\n\t\t\t<div id='gallery-1' class='gallery galleryid-685 gallery-columns-3 gallery-size-full'><figure class='gallery-item'>\n\t\t\t<div class='gallery-icon landscape'>\n\t\t\t\t<a data-elementor-open-lightbox=\"yes\" data-elementor-lightbox-slideshow=\"2b5a851\" data-e-action-hash=\"#elementor-action%3Aaction%3Dlightbox%26settings%3DeyJpZCI6MTM2LCJ1cmwiOiJodHRwczpcL1wvZXNjdWVsYWxpYnJlYWxsZWdyYS5lc1wvd3AtY29udGVudFwvdXBsb2Fkc1wvMjAyNlwvMDFcL2N1ZW50YWN1ZW50b3MtMS5qcGciLCJzbGlkZXNob3ciOiIyYjVhODUxIn0%3D\" href='https:\/\/escuelalibreallegra.es\/wp-content\/uploads\/2026\/01\/cuentacuentos-1.jpg'><img fetchpriority=\"high\" decoding=\"async\" width=\"640\" height=\"480\" src=\"https:\/\/escuelalibreallegra.es\/wp-content\/uploads\/2026\/01\/cuentacuentos-1.jpg\" class=\"attachment-full size-full\" alt=\"\" srcset=\"https:\/\/escuelalibreallegra.es\/wp-content\/uploads\/2026\/01\/cuentacuentos-1.jpg 640w, https:\/\/escuelalibreallegra.es\/wp-content\/uploads\/2026\/01\/cuentacuentos-1-300x225.jpg 300w\" sizes=\"(max-width: 640px) 100vw, 640px\" \/><\/a>\n\t\t\t<\/div><\/figure><figure class='gallery-item'>\n\t\t\t<div class='gallery-icon landscape'>\n\t\t\t\t<a data-elementor-open-lightbox=\"yes\" data-elementor-lightbox-slideshow=\"2b5a851\" data-e-action-hash=\"#elementor-action%3Aaction%3Dlightbox%26settings%3DeyJpZCI6NTI0LCJ1cmwiOiJodHRwczpcL1wvZXNjdWVsYWxpYnJlYWxsZWdyYS5lc1wvd3AtY29udGVudFwvdXBsb2Fkc1wvMjAyNlwvMDFcL2NhZGFfZGlhXzAxLmpwZWciLCJzbGlkZXNob3ciOiIyYjVhODUxIn0%3D\" data-elementor-lightbox-title=\"Pintar con acuarela es una de las actividades de Allegra\" href='https:\/\/escuelalibreallegra.es\/wp-content\/uploads\/2026\/01\/cada_dia_01.jpeg'><img decoding=\"async\" width=\"1600\" height=\"1200\" src=\"https:\/\/escuelalibreallegra.es\/wp-content\/uploads\/2026\/01\/cada_dia_01.jpeg\" class=\"attachment-full size-full\" alt=\"\" aria-describedby=\"gallery-1-524\" srcset=\"https:\/\/escuelalibreallegra.es\/wp-content\/uploads\/2026\/01\/cada_dia_01.jpeg 1600w, https:\/\/escuelalibreallegra.es\/wp-content\/uploads\/2026\/01\/cada_dia_01-300x225.jpeg 300w, https:\/\/escuelalibreallegra.es\/wp-content\/uploads\/2026\/01\/cada_dia_01-1024x768.jpeg 1024w, https:\/\/escuelalibreallegra.es\/wp-content\/uploads\/2026\/01\/cada_dia_01-768x576.jpeg 768w, https:\/\/escuelalibreallegra.es\/wp-content\/uploads\/2026\/01\/cada_dia_01-1536x1152.jpeg 1536w\" sizes=\"(max-width: 1600px) 100vw, 1600px\" \/><\/a>\n\t\t\t<\/div>\n\t\t\t\t<figcaption class='wp-caption-text gallery-caption' id='gallery-1-524'>\n\t\t\t\tPintar con acuarela es una de las actividades de Allegra\n\t\t\t\t<\/figcaption><\/figure><figure class='gallery-item'>\n\t\t\t<div class='gallery-icon landscape'>\n\t\t\t\t<a data-elementor-open-lightbox=\"yes\" data-elementor-lightbox-slideshow=\"2b5a851\" data-e-action-hash=\"#elementor-action%3Aaction%3Dlightbox%26settings%3DeyJpZCI6NTAzLCJ1cmwiOiJodHRwczpcL1wvZXNjdWVsYWxpYnJlYWxsZWdyYS5lc1wvd3AtY29udGVudFwvdXBsb2Fkc1wvMjAyNlwvMDFcL2F1bGFzXzA0LmpwZyIsInNsaWRlc2hvdyI6IjJiNWE4NTEifQ%3D%3D\" data-elementor-lightbox-title=\"Aula con juguetes de madera\" href='https:\/\/escuelalibreallegra.es\/wp-content\/uploads\/2026\/01\/aulas_04.jpg'><img decoding=\"async\" width=\"2560\" height=\"1920\" src=\"https:\/\/escuelalibreallegra.es\/wp-content\/uploads\/2026\/01\/aulas_04.jpg\" class=\"attachment-full size-full\" alt=\"\" aria-describedby=\"gallery-1-503\" srcset=\"https:\/\/escuelalibreallegra.es\/wp-content\/uploads\/2026\/01\/aulas_04.jpg 2560w, https:\/\/escuelalibreallegra.es\/wp-content\/uploads\/2026\/01\/aulas_04-300x225.jpg 300w, https:\/\/escuelalibreallegra.es\/wp-content\/uploads\/2026\/01\/aulas_04-1024x768.jpg 1024w, https:\/\/escuelalibreallegra.es\/wp-content\/uploads\/2026\/01\/aulas_04-768x576.jpg 768w, https:\/\/escuelalibreallegra.es\/wp-content\/uploads\/2026\/01\/aulas_04-1536x1152.jpg 1536w, https:\/\/escuelalibreallegra.es\/wp-content\/uploads\/2026\/01\/aulas_04-2048x1536.jpg 2048w\" sizes=\"(max-width: 2560px) 100vw, 2560px\" \/><\/a>\n\t\t\t<\/div>\n\t\t\t\t<figcaption class='wp-caption-text gallery-caption' id='gallery-1-503'>\n\t\t\t\tAula con juguetes de madera\n\t\t\t\t<\/figcaption><\/figure>\n\t\t<\/div>\n\t\t<\/div>\n\t\t\t\t\t\t<\/div>\n\t\t\t\t\t<\/div>\n\t\t\t\t<\/div>\n\t\t\t\t<\/div>\n\t\t","protected":false},"excerpt":{"rendered":"<p>Fusi\u00f3n Waldorf &amp; Montessori Allegra es una escuela que integra de manera viva y coherente la pedagog\u00eda Waldorf y la metodolog\u00eda Montessori. Una propuesta de escuela infantil alternativa donde ambas pedagog\u00edas se complementan. Esta fusi\u00f3n consciente nos permite ofrecer un acompa\u00f1amiento profundo dentro de una escuela infantil alternativa, donde la calidez, el respeto por los [&hellip;]<\/p>\n","protected":false},"author":1,"featured_media":0,"parent":0,"menu_order":0,"comment_status":"closed","ping_status":"closed","template":"elementor_header_footer","meta":{"footnotes":""},"class_list":["post-685","page","type-page","status-publish","hentry"],"aioseo_notices":[],"_links":{"self":[{"href":"https:\/\/escuelalibreallegra.es\/en\/wp-json\/wp\/v2\/pages\/685","targetHints":{"allow":["GET"]}}],"collection":[{"href":"https:\/\/escuelalibreallegra.es\/en\/wp-json\/wp\/v2\/pages"}],"about":[{"href":"https:\/\/escuelalibreallegra.es\/en\/wp-json\/wp\/v2\/types\/page"}],"author":[{"embeddable":true,"href":"https:\/\/escuelalibreallegra.es\/en\/wp-json\/wp\/v2\/users\/1"}],"replies":[{"embeddable":true,"href":"https:\/\/escuelalibreallegra.es\/en\/wp-json\/wp\/v2\/comments?post=685"}],"version-history":[{"count":0,"href":"https:\/\/escuelalibreallegra.es\/en\/wp-json\/wp\/v2\/pages\/685\/revisions"}],"wp:attachment":[{"href":"https:\/\/escuelalibreallegra.es\/en\/wp-json\/wp\/v2\/media?parent=685"}],"curies":[{"name":"wp","href":"https:\/\/api.w.org\/{rel}","templated":true}]}}