{"id":400,"date":"2026-01-20T14:42:44","date_gmt":"2026-01-20T13:42:44","guid":{"rendered":"https:\/\/allegra.mideas.es\/?page_id=400"},"modified":"2026-04-23T13:16:27","modified_gmt":"2026-04-23T11:16:27","slug":"comedor-waldorf-aravaca","status":"publish","type":"page","link":"https:\/\/escuelalibreallegra.es\/en\/comedor-waldorf-aravaca\/","title":{"rendered":"Comedor"},"content":{"rendered":"\t\t<div data-elementor-type=\"wp-page\" data-elementor-id=\"400\" class=\"elementor elementor-400\" data-elementor-post-type=\"page\">\n\t\t\t\t<div class=\"elementor-element elementor-element-2a8b9b7 e-con-full e-flex e-con e-parent\" data-id=\"2a8b9b7\" data-element_type=\"container\" data-e-type=\"container\" data-settings=\"{&quot;background_background&quot;:&quot;classic&quot;}\">\n\t\t<div class=\"elementor-element elementor-element-347cd51 e-flex e-con-boxed e-con e-child\" data-id=\"347cd51\" data-element_type=\"container\" data-e-type=\"container\">\n\t\t\t\t\t<div class=\"e-con-inner\">\n\t\t\t\t<div class=\"elementor-element elementor-element-4341894 elementor-widget elementor-widget-heading\" data-id=\"4341894\" data-element_type=\"widget\" data-e-type=\"widget\" data-widget_type=\"heading.default\">\n\t\t\t\t\t<h4 class=\"elementor-heading-title elementor-size-default\">Nutrici\u00f3n consciente y alimentos ecol\u00f3gicos<\/h4>\t\t\t\t<\/div>\n\t\t\t\t\t<\/div>\n\t\t\t\t<\/div>\n\t\t\t\t<\/div>\n\t\t<div class=\"elementor-element elementor-element-579f49c e-grid e-con-boxed e-con e-parent\" data-id=\"579f49c\" data-element_type=\"container\" data-e-type=\"container\">\n\t\t\t\t\t<div class=\"e-con-inner\">\n\t\t\t\t<div class=\"elementor-element elementor-element-da18fcb elementor-widget elementor-widget-text-editor\" data-id=\"da18fcb\" data-element_type=\"widget\" data-e-type=\"widget\" data-widget_type=\"text-editor.default\">\n\t\t\t\t\t\t\t\t\t<p>En Allegra, el comedor es un espacio donde aprender a comer va de la mano con autonom\u00eda y responsabilidad. Los ni\u00f1os ponen la mesa, preparan su propio desayuno y participan activamente en la preparaci\u00f3n de la comida del d\u00eda siguiente, desarrollando habilidades pr\u00e1cticas y reforzando su independencia al estilo Montessori.<\/p><p>Nuestros men\u00fas est\u00e1n elaborados con alimentos ecol\u00f3gicos, frescos y de temporada, promoviendo una nutrici\u00f3n consciente que respeta el cuerpo y los ritmos de la primera infancia.<\/p><p>Como escuela infantil con alimentaci\u00f3n ecol\u00f3gica creemos que aprender a comer bien tambi\u00e9n forma parte de la educaci\u00f3n.<\/p><p>Adem\u00e1s, los peque\u00f1os recogen verduras directamente del huerto de la escuela, llev\u00e1ndolas a la mesa y descubriendo el ciclo completo de la naturaleza: sembrar, cuidar y disfrutar lo que han cultivado.<\/p><p>El comedor refleja nuestra filosof\u00eda: autonom\u00eda Montessori, cuidado Waldorf y respeto por la naturaleza, creando un espacio donde los ni\u00f1os aprenden a comer con placer, conciencia y responsabilidad, mientras comparten, colaboran y fortalecen h\u00e1bitos saludables.<\/p><p>Este enfoque forma parte de nuestro proyecto de escuela infantil en la naturaleza y educaci\u00f3n consciente.<\/p>\t\t\t\t\t\t\t\t<\/div>\n\t\t\t\t<div class=\"elementor-element elementor-element-aa559d1 elementor-widget elementor-widget-video\" data-id=\"aa559d1\" data-element_type=\"widget\" data-e-type=\"widget\" data-settings=\"{&quot;youtube_url&quot;:&quot;https:\\\/\\\/www.youtube.com\\\/watch?v=GbLMOn_YmFY&quot;,&quot;video_type&quot;:&quot;youtube&quot;,&quot;controls&quot;:&quot;yes&quot;}\" data-widget_type=\"video.default\">\n\t\t\t\t\t\t\t<div class=\"elementor-wrapper elementor-open-inline\">\n\t\t\t<div class=\"elementor-video\"><\/div>\t\t<\/div>\n\t\t\t\t\t\t<\/div>\n\t\t\t\t\t<\/div>\n\t\t\t\t<\/div>\n\t\t\t\t<\/div>\n\t\t","protected":false},"excerpt":{"rendered":"<p>Nutrici\u00f3n consciente y alimentos ecol\u00f3gicos En Allegra, el comedor es un espacio donde aprender a comer va de la mano con autonom\u00eda y responsabilidad. Los ni\u00f1os ponen la mesa, preparan su propio desayuno y participan activamente en la preparaci\u00f3n de la comida del d\u00eda siguiente, desarrollando habilidades pr\u00e1cticas y reforzando su independencia al estilo Montessori. [&hellip;]<\/p>\n","protected":false},"author":1,"featured_media":0,"parent":0,"menu_order":0,"comment_status":"closed","ping_status":"closed","template":"elementor_header_footer","meta":{"footnotes":""},"class_list":["post-400","page","type-page","status-publish","hentry"],"aioseo_notices":[],"_links":{"self":[{"href":"https:\/\/escuelalibreallegra.es\/en\/wp-json\/wp\/v2\/pages\/400","targetHints":{"allow":["GET"]}}],"collection":[{"href":"https:\/\/escuelalibreallegra.es\/en\/wp-json\/wp\/v2\/pages"}],"about":[{"href":"https:\/\/escuelalibreallegra.es\/en\/wp-json\/wp\/v2\/types\/page"}],"author":[{"embeddable":true,"href":"https:\/\/escuelalibreallegra.es\/en\/wp-json\/wp\/v2\/users\/1"}],"replies":[{"embeddable":true,"href":"https:\/\/escuelalibreallegra.es\/en\/wp-json\/wp\/v2\/comments?post=400"}],"version-history":[{"count":1,"href":"https:\/\/escuelalibreallegra.es\/en\/wp-json\/wp\/v2\/pages\/400\/revisions"}],"predecessor-version":[{"id":978,"href":"https:\/\/escuelalibreallegra.es\/en\/wp-json\/wp\/v2\/pages\/400\/revisions\/978"}],"wp:attachment":[{"href":"https:\/\/escuelalibreallegra.es\/en\/wp-json\/wp\/v2\/media?parent=400"}],"curies":[{"name":"wp","href":"https:\/\/api.w.org\/{rel}","templated":true}]}}