{"id":367,"date":"2026-01-20T14:17:04","date_gmt":"2026-01-20T13:17:04","guid":{"rendered":"https:\/\/allegra.mideas.es\/?page_id=367"},"modified":"2026-04-23T13:14:55","modified_gmt":"2026-04-23T11:14:55","slug":"profesores-waldorf-aravaca","status":"publish","type":"page","link":"https:\/\/escuelalibreallegra.es\/en\/profesores-waldorf-aravaca\/","title":{"rendered":"El Equipo de Allegra"},"content":{"rendered":"\t\t<div data-elementor-type=\"wp-page\" data-elementor-id=\"367\" class=\"elementor elementor-367\" data-elementor-post-type=\"page\">\n\t\t\t\t<div class=\"elementor-element elementor-element-b47b301 e-con-full e-flex e-con e-parent\" data-id=\"b47b301\" data-element_type=\"container\" data-e-type=\"container\" data-settings=\"{&quot;background_background&quot;:&quot;classic&quot;}\">\n\t\t<div class=\"elementor-element elementor-element-9b924b1 e-flex e-con-boxed e-con e-child\" data-id=\"9b924b1\" data-element_type=\"container\" data-e-type=\"container\">\n\t\t\t\t\t<div class=\"e-con-inner\">\n\t\t\t\t<div class=\"elementor-element elementor-element-f0d679f elementor-widget elementor-widget-heading\" data-id=\"f0d679f\" data-element_type=\"widget\" data-e-type=\"widget\" data-widget_type=\"heading.default\">\n\t\t\t\t\t<h4 class=\"elementor-heading-title elementor-size-default\">Escuela Waldorf y Montessori<\/h4>\t\t\t\t<\/div>\n\t\t\t\t\t<\/div>\n\t\t\t\t<\/div>\n\t\t\t\t<\/div>\n\t\t<div class=\"elementor-element elementor-element-844b94e e-flex e-con-boxed e-con e-parent\" data-id=\"844b94e\" data-element_type=\"container\" data-e-type=\"container\">\n\t\t\t\t\t<div class=\"e-con-inner\">\n\t\t\t\t<div class=\"elementor-element elementor-element-6055e21 elementor-widget elementor-widget-text-editor\" data-id=\"6055e21\" data-element_type=\"widget\" data-e-type=\"widget\" data-widget_type=\"text-editor.default\">\n\t\t\t\t\t\t\t\t\t<p><span style=\"font-weight: 400;\">Nuestro equipo pedag\u00f3gico es el coraz\u00f3n que sostiene cada d\u00eda Allegra.<\/span><\/p><p><span style=\"font-weight: 400;\">Somos un equipo formado en pedagog\u00eda Waldorf y Montessori, una combinaci\u00f3n que nos permite integrar la calidez, el respeto profundo por los ritmos y un ambiente cuidadosamente preparado propio de una escuela Montessori y Waldorf.<\/span><\/p><p><span style=\"font-weight: 400;\">Nuestro equipo est\u00e1 especializado en educaci\u00f3n infantil respetuosa y pedagog\u00edas activas.<\/span><\/p><p><span style=\"font-weight: 400;\">Vivimos la educaci\u00f3n como una vocaci\u00f3n consciente, no como un trabajo, sino como un compromiso real con la infancia.<\/span><\/p><p><span style=\"font-weight: 400;\">Cada una aporta su propia historia, su recorrido y su sensibilidad, pero compartimos una misma mirada: una visi\u00f3n de la infancia como etapa sagrada, \u00fanica e irrepetible.<\/span><\/p><p><span style=\"font-weight: 400;\">Esa coherencia es la que da solidez al proyecto educativo.<\/span><\/p><p><span style=\"font-weight: 400;\">Creemos firmemente en la formaci\u00f3n continua. Seguimos profundizando y actualiz\u00e1ndonos tanto en Waldorf como en Montessori, porque entendemos la educaci\u00f3n como un camino vivo, en constante evoluci\u00f3n.<\/span><\/p><p><span style=\"font-weight: 400;\">Pero m\u00e1s all\u00e1 de la formaci\u00f3n y la experiencia, lo que realmente define a nuestro equipo es la mirada que ponemos en cada ni\u00f1o. Miramos qui\u00e9n es, qu\u00e9 necesita, c\u00f3mo se expresa, y acompa\u00f1amos su desarrollo desde la presencia y la escucha atenta. Cada gesto, cada palabra y cada propuesta est\u00e1n pensados con cari\u00f1o y respeto, sin prisas ni presiones, honrando el ritmo \u00fanico de cada infancia.<\/span><\/p>\t\t\t\t\t\t\t\t<\/div>\n\t\t\t\t<div class=\"elementor-element elementor-element-2fdb632 elementor-widget-divider--separator-type-pattern elementor-widget-divider--view-line elementor-widget elementor-widget-divider\" data-id=\"2fdb632\" data-element_type=\"widget\" data-e-type=\"widget\" data-widget_type=\"divider.default\">\n\t\t\t\t\t\t\t<div class=\"elementor-divider\" style=\"--divider-pattern-url: url(&quot;data:image\/svg+xml,%3Csvg xmlns=&#039;http:\/\/www.w3.org\/2000\/svg&#039; preserveAspectRatio=&#039;none&#039; overflow=&#039;visible&#039; height=&#039;100%&#039; viewBox=&#039;0 0 24 24&#039; fill=&#039;none&#039; stroke=&#039;black&#039; stroke-width=&#039;2&#039; stroke-linecap=&#039;square&#039; stroke-miterlimit=&#039;10&#039;%3E%3Cpath d=&#039;M0,6c6,0,6,13,12,13S18,6,24,6&#039;\/%3E%3C\/svg%3E&quot;);\">\n\t\t\t<span class=\"elementor-divider-separator\">\n\t\t\t\t\t\t<\/span>\n\t\t<\/div>\n\t\t\t\t\t\t<\/div>\n\t\t\t\t<div class=\"elementor-element elementor-element-b4e07d4 elementor-widget elementor-widget-heading\" data-id=\"b4e07d4\" data-element_type=\"widget\" data-e-type=\"widget\" data-widget_type=\"heading.default\">\n\t\t\t\t\t<h2 class=\"elementor-heading-title elementor-size-default\">Las Maestras de Allegra<\/h2>\t\t\t\t<\/div>\n\t\t<div class=\"elementor-element elementor-element-a337b9d e-con-full e-flex e-con e-child\" data-id=\"a337b9d\" data-element_type=\"container\" data-e-type=\"container\">\n\t\t<div class=\"elementor-element elementor-element-fba3a89 e-con-full e-flex e-con e-child\" data-id=\"fba3a89\" data-element_type=\"container\" data-e-type=\"container\">\n\t\t\t\t<div class=\"elementor-element elementor-element-d4d8a19 elementor-widget elementor-widget-image\" data-id=\"d4d8a19\" data-element_type=\"widget\" data-e-type=\"widget\" data-widget_type=\"image.default\">\n\t\t\t\t\t\t\t\t\t\t\t\t\t\t\t<img fetchpriority=\"high\" decoding=\"async\" width=\"768\" height=\"768\" src=\"https:\/\/escuelalibreallegra.es\/wp-content\/uploads\/2026\/01\/raquel_rodriguez_allegra.jpg\" class=\"attachment-large size-large wp-image-375\" alt=\"\" srcset=\"https:\/\/escuelalibreallegra.es\/wp-content\/uploads\/2026\/01\/raquel_rodriguez_allegra.jpg 768w, https:\/\/escuelalibreallegra.es\/wp-content\/uploads\/2026\/01\/raquel_rodriguez_allegra-300x300.jpg 300w, https:\/\/escuelalibreallegra.es\/wp-content\/uploads\/2026\/01\/raquel_rodriguez_allegra-150x150.jpg 150w\" sizes=\"(max-width: 768px) 100vw, 768px\" \/>\t\t\t\t\t\t\t\t\t\t\t\t\t\t\t<\/div>\n\t\t<div class=\"elementor-element elementor-element-bf9f132 e-con-full e-flex e-con e-child\" data-id=\"bf9f132\" data-element_type=\"container\" data-e-type=\"container\">\n\t\t\t\t<div class=\"elementor-element elementor-element-ea8d7b5 elementor-widget elementor-widget-heading\" data-id=\"ea8d7b5\" data-element_type=\"widget\" data-e-type=\"widget\" data-widget_type=\"heading.default\">\n\t\t\t\t\t<h4 class=\"elementor-heading-title elementor-size-default\">Raquel Rodr\u00edguez<\/h4>\t\t\t\t<\/div>\n\t\t\t\t<div class=\"elementor-element elementor-element-ea152a0 elementor-widget elementor-widget-heading\" data-id=\"ea152a0\" data-element_type=\"widget\" data-e-type=\"widget\" data-widget_type=\"heading.default\">\n\t\t\t\t\t<div class=\"elementor-heading-title elementor-size-default\">Directora y fundadora de la Escuela Libre Allegra<\/div>\t\t\t\t<\/div>\n\t\t\t\t<div class=\"elementor-element elementor-element-479c4ac elementor-widget elementor-widget-n-accordion\" data-id=\"479c4ac\" data-element_type=\"widget\" data-e-type=\"widget\" data-settings=\"{&quot;default_state&quot;:&quot;all_collapsed&quot;,&quot;max_items_expended&quot;:&quot;one&quot;,&quot;n_accordion_animation_duration&quot;:{&quot;unit&quot;:&quot;ms&quot;,&quot;size&quot;:400,&quot;sizes&quot;:[]}}\" data-widget_type=\"nested-accordion.default\">\n\t\t\t\t\t\t\t<div class=\"e-n-accordion\" aria-label=\"Accordion. Open links with Enter or Space, close with Escape, and navigate with Arrow Keys\">\n\t\t\t\t\t\t<details id=\"e-n-accordion-item-7500\" class=\"e-n-accordion-item\" >\n\t\t\t\t<summary class=\"e-n-accordion-item-title\" data-accordion-index=\"1\" tabindex=\"0\" aria-expanded=\"false\" aria-controls=\"e-n-accordion-item-7500\" >\n\t\t\t\t\t<span class='e-n-accordion-item-title-header'><div class=\"e-n-accordion-item-title-text\"> Biograf\u00eda <\/div><\/span>\n\t\t\t\t\t\t\t<span class='e-n-accordion-item-title-icon'>\n\t\t\t<span class='e-opened' ><i aria-hidden=\"true\" class=\"fas fa-minus\"><\/i><\/span>\n\t\t\t<span class='e-closed'><i aria-hidden=\"true\" class=\"fas fa-plus\"><\/i><\/span>\n\t\t<\/span>\n\n\t\t\t\t\t\t<\/summary>\n\t\t\t\t<div role=\"region\" aria-labelledby=\"e-n-accordion-item-7500\" class=\"elementor-element elementor-element-6a33d58 e-con-full e-flex e-con e-child\" data-id=\"6a33d58\" data-element_type=\"container\" data-e-type=\"container\">\n\t\t\t\t<div class=\"elementor-element elementor-element-bdaa667 elementor-widget elementor-widget-text-editor\" data-id=\"bdaa667\" data-element_type=\"widget\" data-e-type=\"widget\" data-widget_type=\"text-editor.default\">\n\t\t\t\t\t\t\t\t\t<p>\u201cCuando comenc\u00e9 mi carrera de magisterio sent\u00eda muy profundamente un impulso a crear un espacio. Cuando pensaba en \u00e9l, so\u00f1aba con un lugar donde los ni\u00f1os fuesen libremente acompa\u00f1ados seg\u00fan su temperamento, su familia, sus impulsos vitales. Un lugar perfecto para comenzar una vida escolar, en sociedad y en comunidad.<\/p><p>En el primer a\u00f1o de mi carrera conoc\u00ed por casualidad la\u00a0<a href=\"https:\/\/www.escuelalibreallegra.es\/pedagogia-waldorf-aravaca\/\">Pedagog\u00eda Waldorf<\/a>\u00a0y me toc\u00f3 el coraz\u00f3n, algo me dijo \u201cesto s\u00ed\u201d.\u00a0 En cuanto la termin\u00e9, busqu\u00e9 la formaci\u00f3n y fui de cabeza.<\/p><p>Trabaj\u00e9 en escuelas p\u00fablicas y colegios y no encontraba algo que me hiciese latir en consonancia con lo que se hac\u00eda, algo me faltaba. Por fin surgi\u00f3 una oportunidad en la Escuela Waldorf de Aravaca. Empec\u00e9 en 2003 como ayudante de aula en un grupo de peque\u00f1os, y al a\u00f1o siguiente pas\u00e9 a ser tutora. Pero mi impulso de crear aquel espacio segu\u00eda vivo. A la vez, durante esos a\u00f1os iba observando el cambio generacional en los ni\u00f1os. Los ni\u00f1os de 18 meses empezaban a buscar m\u00e1s mundo exterior, mucho m\u00e1s que hace a\u00f1os, m\u00e1s vida social con ni\u00f1os y quiz\u00e1s otro ritmo diferente al de casa. As\u00ed que me decid\u00ed y puse en marcha el\u00a0<a href=\"https:\/\/www.escuelalibreallegra.es\/filosofia-escuela-infantil-en-aravaca\/\">Proyecto Educativo Allegra<\/a>.<\/p><p>La necesidad de trasladar este tipo de filosof\u00eda educativa al resto de la sociedad me ha llevado a compaginar mi actividad como directora y maestra de Allegra con la docencia, colaborando en los programas del centro de formaci\u00f3n de pedagog\u00eda Waldorf y participando en sus dos programas el Centro Universitario La Salle.<\/p><p>Desde el curso 2020\/2021 dirijo tambi\u00e9n la Escuela Waldorf Aravaca. De esta manera, podemos ofrecer una propuesta educativa muy completa, que abarca desde la primera infancia hasta secundaria.\u201d<\/p>\t\t\t\t\t\t\t\t<\/div>\n\t\t\t\t<\/div>\n\t\t\t\t\t<\/details>\n\t\t\t\t\t<\/div>\n\t\t\t\t\t\t<\/div>\n\t\t\t\t<\/div>\n\t\t\t\t<\/div>\n\t\t<div class=\"elementor-element elementor-element-9576306 e-con-full e-flex e-con e-child\" data-id=\"9576306\" data-element_type=\"container\" data-e-type=\"container\">\n\t\t\t\t<div class=\"elementor-element elementor-element-9cf5b06 elementor-widget elementor-widget-image\" data-id=\"9cf5b06\" data-element_type=\"widget\" data-e-type=\"widget\" data-widget_type=\"image.default\">\n\t\t\t\t\t\t\t\t\t\t\t\t\t\t\t<img decoding=\"async\" width=\"800\" height=\"798\" src=\"https:\/\/escuelalibreallegra.es\/wp-content\/uploads\/2026\/04\/placeholder_woman.png\" class=\"attachment-large size-large wp-image-897\" alt=\"\" srcset=\"https:\/\/escuelalibreallegra.es\/wp-content\/uploads\/2026\/04\/placeholder_woman.png 1024w, https:\/\/escuelalibreallegra.es\/wp-content\/uploads\/2026\/04\/placeholder_woman-300x300.png 300w, https:\/\/escuelalibreallegra.es\/wp-content\/uploads\/2026\/04\/placeholder_woman-150x150.png 150w, https:\/\/escuelalibreallegra.es\/wp-content\/uploads\/2026\/04\/placeholder_woman-768x766.png 768w\" sizes=\"(max-width: 800px) 100vw, 800px\" \/>\t\t\t\t\t\t\t\t\t\t\t\t\t\t\t<\/div>\n\t\t<div class=\"elementor-element elementor-element-b31726d e-con-full e-flex e-con e-child\" data-id=\"b31726d\" data-element_type=\"container\" data-e-type=\"container\">\n\t\t\t\t<div class=\"elementor-element elementor-element-b5ab284 elementor-widget elementor-widget-heading\" data-id=\"b5ab284\" data-element_type=\"widget\" data-e-type=\"widget\" data-widget_type=\"heading.default\">\n\t\t\t\t\t<h4 class=\"elementor-heading-title elementor-size-default\">Susana<\/h4>\t\t\t\t<\/div>\n\t\t\t\t<div class=\"elementor-element elementor-element-3d826fa elementor-widget elementor-widget-heading\" data-id=\"3d826fa\" data-element_type=\"widget\" data-e-type=\"widget\" data-widget_type=\"heading.default\">\n\t\t\t\t\t<div class=\"elementor-heading-title elementor-size-default\">Profesora de la Escuela Libre Allegra<\/div>\t\t\t\t<\/div>\n\t\t\t\t<div class=\"elementor-element elementor-element-fc0a8a1 elementor-widget elementor-widget-n-accordion\" data-id=\"fc0a8a1\" data-element_type=\"widget\" data-e-type=\"widget\" data-settings=\"{&quot;default_state&quot;:&quot;all_collapsed&quot;,&quot;max_items_expended&quot;:&quot;one&quot;,&quot;n_accordion_animation_duration&quot;:{&quot;unit&quot;:&quot;ms&quot;,&quot;size&quot;:400,&quot;sizes&quot;:[]}}\" data-widget_type=\"nested-accordion.default\">\n\t\t\t\t\t\t\t<div class=\"e-n-accordion\" aria-label=\"Accordion. Open links with Enter or Space, close with Escape, and navigate with Arrow Keys\">\n\t\t\t\t\t\t<details id=\"e-n-accordion-item-2640\" class=\"e-n-accordion-item\" >\n\t\t\t\t<summary class=\"e-n-accordion-item-title\" data-accordion-index=\"1\" tabindex=\"0\" aria-expanded=\"false\" aria-controls=\"e-n-accordion-item-2640\" >\n\t\t\t\t\t<span class='e-n-accordion-item-title-header'><div class=\"e-n-accordion-item-title-text\"> Biograf\u00eda <\/div><\/span>\n\t\t\t\t\t\t\t<span class='e-n-accordion-item-title-icon'>\n\t\t\t<span class='e-opened' ><i aria-hidden=\"true\" class=\"fas fa-minus\"><\/i><\/span>\n\t\t\t<span class='e-closed'><i aria-hidden=\"true\" class=\"fas fa-plus\"><\/i><\/span>\n\t\t<\/span>\n\n\t\t\t\t\t\t<\/summary>\n\t\t\t\t<div role=\"region\" aria-labelledby=\"e-n-accordion-item-2640\" class=\"elementor-element elementor-element-f719be7 e-con-full e-flex e-con e-child\" data-id=\"f719be7\" data-element_type=\"container\" data-e-type=\"container\">\n\t\t\t\t<div class=\"elementor-element elementor-element-ab5d916 elementor-widget elementor-widget-text-editor\" data-id=\"ab5d916\" data-element_type=\"widget\" data-e-type=\"widget\" data-widget_type=\"text-editor.default\">\n\t\t\t\t\t\t\t\t\t<p>Desde ni\u00f1a sent\u00ed un impulso muy fuerte por cuidar de los m\u00e1s peque\u00f1os. Mi primer contacto con la infancia fue hace m\u00e1s de 17 a\u00f1os, al realizar las pr\u00e1cticas de Magisterio en un colegio en el que asist\u00edan tambi\u00e9n ni\u00f1os con necesidades educativas especiales; esta vivencia me hizo valorar la importancia de ver a cada individuo en su singularidad como un ser humano \u00fanico.<\/p><p>Despu\u00e9s, con mi especializaci\u00f3n en primer ciclo de Educaci\u00f3n Infantil he tenido el privilegio de acompa\u00f1ar a muchas familias en los primeros a\u00f1os de vida de sus hijos, en esos primeros pasitos al mundo.<\/p><p>La maternidad me trajo el regalo de poder parar y seguir profundizando y creciendo a la vez como maestra; y la pedagog\u00eda Waldorf lleg\u00f3 a mi vida en ese momento como un regalo, una certeza de que \u00abas\u00ed si\u201d , de que esa mirada integral y ritmos sanos permiten a la infancia respirar y ser ellos mismos.<\/p><p>Y formando parte del equipo educativo de Allegra, haci\u00e9ndonos preguntas sobre que necesita cada peque\u00f1o que llega a la escuela, Montessori fue un soplo de aire fresco que nos hizo ver que su orden y estructura se pod\u00edan abrazar con el arte y la sensibilidad Waldorf de forma natural y con mucho sentido y coraz\u00f3n.<\/p>\t\t\t\t\t\t\t\t<\/div>\n\t\t\t\t<\/div>\n\t\t\t\t\t<\/details>\n\t\t\t\t\t<\/div>\n\t\t\t\t\t\t<\/div>\n\t\t\t\t<\/div>\n\t\t\t\t<\/div>\n\t\t<div class=\"elementor-element elementor-element-8eb314e e-con-full e-flex e-con e-child\" data-id=\"8eb314e\" data-element_type=\"container\" data-e-type=\"container\">\n\t\t\t\t<div class=\"elementor-element elementor-element-924f9e9 elementor-widget elementor-widget-image\" data-id=\"924f9e9\" data-element_type=\"widget\" data-e-type=\"widget\" data-widget_type=\"image.default\">\n\t\t\t\t\t\t\t\t\t\t\t\t\t\t\t<img decoding=\"async\" width=\"800\" height=\"798\" src=\"https:\/\/escuelalibreallegra.es\/wp-content\/uploads\/2026\/04\/placeholder_woman.png\" class=\"attachment-large size-large wp-image-897\" alt=\"\" srcset=\"https:\/\/escuelalibreallegra.es\/wp-content\/uploads\/2026\/04\/placeholder_woman.png 1024w, https:\/\/escuelalibreallegra.es\/wp-content\/uploads\/2026\/04\/placeholder_woman-300x300.png 300w, https:\/\/escuelalibreallegra.es\/wp-content\/uploads\/2026\/04\/placeholder_woman-150x150.png 150w, https:\/\/escuelalibreallegra.es\/wp-content\/uploads\/2026\/04\/placeholder_woman-768x766.png 768w\" sizes=\"(max-width: 800px) 100vw, 800px\" \/>\t\t\t\t\t\t\t\t\t\t\t\t\t\t\t<\/div>\n\t\t<div class=\"elementor-element elementor-element-a3d58d4 e-con-full e-flex e-con e-child\" data-id=\"a3d58d4\" data-element_type=\"container\" data-e-type=\"container\">\n\t\t\t\t<div class=\"elementor-element elementor-element-36da684 elementor-widget elementor-widget-heading\" data-id=\"36da684\" data-element_type=\"widget\" data-e-type=\"widget\" data-widget_type=\"heading.default\">\n\t\t\t\t\t<h4 class=\"elementor-heading-title elementor-size-default\">Patricia<\/h4>\t\t\t\t<\/div>\n\t\t\t\t<div class=\"elementor-element elementor-element-2183acd elementor-widget elementor-widget-heading\" data-id=\"2183acd\" data-element_type=\"widget\" data-e-type=\"widget\" data-widget_type=\"heading.default\">\n\t\t\t\t\t<div class=\"elementor-heading-title elementor-size-default\">Profesora de la Escuela Libre Allegra<\/div>\t\t\t\t<\/div>\n\t\t\t\t<div class=\"elementor-element elementor-element-766518d elementor-widget elementor-widget-n-accordion\" data-id=\"766518d\" data-element_type=\"widget\" data-e-type=\"widget\" data-settings=\"{&quot;default_state&quot;:&quot;all_collapsed&quot;,&quot;max_items_expended&quot;:&quot;one&quot;,&quot;n_accordion_animation_duration&quot;:{&quot;unit&quot;:&quot;ms&quot;,&quot;size&quot;:400,&quot;sizes&quot;:[]}}\" data-widget_type=\"nested-accordion.default\">\n\t\t\t\t\t\t\t<div class=\"e-n-accordion\" aria-label=\"Accordion. Open links with Enter or Space, close with Escape, and navigate with Arrow Keys\">\n\t\t\t\t\t\t<details id=\"e-n-accordion-item-1240\" class=\"e-n-accordion-item\" >\n\t\t\t\t<summary class=\"e-n-accordion-item-title\" data-accordion-index=\"1\" tabindex=\"0\" aria-expanded=\"false\" aria-controls=\"e-n-accordion-item-1240\" >\n\t\t\t\t\t<span class='e-n-accordion-item-title-header'><div class=\"e-n-accordion-item-title-text\"> Biograf\u00eda <\/div><\/span>\n\t\t\t\t\t\t\t<span class='e-n-accordion-item-title-icon'>\n\t\t\t<span class='e-opened' ><i aria-hidden=\"true\" class=\"fas fa-minus\"><\/i><\/span>\n\t\t\t<span class='e-closed'><i aria-hidden=\"true\" class=\"fas fa-plus\"><\/i><\/span>\n\t\t<\/span>\n\n\t\t\t\t\t\t<\/summary>\n\t\t\t\t<div role=\"region\" aria-labelledby=\"e-n-accordion-item-1240\" class=\"elementor-element elementor-element-7d7e725 e-con-full e-flex e-con e-child\" data-id=\"7d7e725\" data-element_type=\"container\" data-e-type=\"container\">\n\t\t\t\t<div class=\"elementor-element elementor-element-fb5e142 elementor-widget elementor-widget-text-editor\" data-id=\"fb5e142\" data-element_type=\"widget\" data-e-type=\"widget\" data-widget_type=\"text-editor.default\">\n\t\t\t\t\t\t\t\t\t<p>La pedagog\u00eda Waldorf lleg\u00f3 a m\u00ed desde peque\u00f1a: he crecido dentro de sus aulas, desde la infancia hasta segundo de Bachillerato. Mis recuerdos de escuela, mis primeros aprendizajes, mis vivencias m\u00e1s significativas est\u00e1n te\u00f1idos por esta forma de mirar y acompa\u00f1ar la vida. Waldorf no fue solo el lugar donde estudi\u00e9; fue el espacio donde me fui construyendo como persona. Forma parte de mi manera de sentir, de comprender la infancia y de estar en el mundo. Por eso, cuando ense\u00f1o, no transmito \u00fanicamente una metodolog\u00eda: transmito algo que ha sido vivido, sentido y experimentado a lo largo de toda mi vida.<\/p><p>Haber vivido todas las etapas de mi escolaridad dentro de Waldorf me permiti\u00f3 experimentar esta pedagog\u00eda desde dentro, no como teor\u00eda, sino como experiencia cotidiana. Aprend\u00ed a observar, a respetar los procesos, a hacer mucho trabajo manual y art\u00edstico y a comprender que cada persona necesita su propio tiempo para madurar. No lo entend\u00ed como algo extraordinario, sino como una forma natural y coherente de crecer. Con el paso de los a\u00f1os he podido reconocer cu\u00e1nto influy\u00f3 en mi manera de pensar, de sentir y de relacionarme con el mundo.<\/p><p>Quiero transmitir a los ni\u00f1os y ni\u00f1as la riqueza de esta mirada, ense\u00f1arles a vivir desde una perspectiva m\u00e1s consciente, creativa y humana. Mostrarles lo aut\u00e9ntico que puede ser el mundo cuando se aprende desde el respeto, el asombro y la experiencia viva.<\/p><p>Sigo form\u00e1ndome de manera constante en educaci\u00f3n, profundizando tanto en Pedagog\u00eda Waldorf como en metodolog\u00eda Montessori, porque entiendo que educar es un camino de aprendizaje continuo. Me apasiona la educaci\u00f3n y siento una responsabilidad real por seguir creciendo, ampliando mi mirada y enriqueciendo mi pr\u00e1ctica.<\/p><p>Llevo ya tres a\u00f1os formando parte de Allegra y desde el primer d\u00eda sent\u00ed que este era mi lugar. Me enamor\u00e9 de su esencia y de la forma en que se vive la infancia aqu\u00ed. No resueno en ning\u00fan otro espacio como resueno en esta escuela. Mi intenci\u00f3n es seguir muchos a\u00f1os m\u00e1s, acompa\u00f1ando a los ni\u00f1os en sus primeros pasos y creciendo junto a esta comunidad.<\/p>\t\t\t\t\t\t\t\t<\/div>\n\t\t\t\t<\/div>\n\t\t\t\t\t<\/details>\n\t\t\t\t\t<\/div>\n\t\t\t\t\t\t<\/div>\n\t\t\t\t<\/div>\n\t\t\t\t<\/div>\n\t\t\t\t<\/div>\n\t\t\t\t\t<\/div>\n\t\t\t\t<\/div>\n\t\t\t\t<\/div>\n\t\t","protected":false},"excerpt":{"rendered":"<p>Escuela Waldorf y Montessori Nuestro equipo pedag\u00f3gico es el coraz\u00f3n que sostiene cada d\u00eda Allegra. Somos un equipo formado en pedagog\u00eda Waldorf y Montessori, una combinaci\u00f3n que nos permite integrar la calidez, el respeto profundo por los ritmos y un ambiente cuidadosamente preparado propio de una escuela Montessori y Waldorf. Nuestro equipo est\u00e1 especializado en [&hellip;]<\/p>\n","protected":false},"author":1,"featured_media":0,"parent":0,"menu_order":0,"comment_status":"closed","ping_status":"closed","template":"elementor_header_footer","meta":{"footnotes":""},"class_list":["post-367","page","type-page","status-publish","hentry"],"aioseo_notices":[],"_links":{"self":[{"href":"https:\/\/escuelalibreallegra.es\/en\/wp-json\/wp\/v2\/pages\/367","targetHints":{"allow":["GET"]}}],"collection":[{"href":"https:\/\/escuelalibreallegra.es\/en\/wp-json\/wp\/v2\/pages"}],"about":[{"href":"https:\/\/escuelalibreallegra.es\/en\/wp-json\/wp\/v2\/types\/page"}],"author":[{"embeddable":true,"href":"https:\/\/escuelalibreallegra.es\/en\/wp-json\/wp\/v2\/users\/1"}],"replies":[{"embeddable":true,"href":"https:\/\/escuelalibreallegra.es\/en\/wp-json\/wp\/v2\/comments?post=367"}],"version-history":[{"count":1,"href":"https:\/\/escuelalibreallegra.es\/en\/wp-json\/wp\/v2\/pages\/367\/revisions"}],"predecessor-version":[{"id":977,"href":"https:\/\/escuelalibreallegra.es\/en\/wp-json\/wp\/v2\/pages\/367\/revisions\/977"}],"wp:attachment":[{"href":"https:\/\/escuelalibreallegra.es\/en\/wp-json\/wp\/v2\/media?parent=367"}],"curies":[{"name":"wp","href":"https:\/\/api.w.org\/{rel}","templated":true}]}}