{"id":3,"date":"2026-01-14T13:24:29","date_gmt":"2026-01-14T13:24:29","guid":{"rendered":"https:\/\/allegra.mideas.es\/?page_id=3"},"modified":"2026-04-23T01:54:06","modified_gmt":"2026-04-22T23:54:06","slug":"politica-privacidad","status":"publish","type":"page","link":"https:\/\/escuelalibreallegra.es\/en\/politica-privacidad\/","title":{"rendered":"Pol\u00edtica de privacidad"},"content":{"rendered":"\t\t<div data-elementor-type=\"wp-page\" data-elementor-id=\"3\" class=\"elementor elementor-3\" data-elementor-post-type=\"page\">\n\t\t\t\t<div class=\"elementor-element elementor-element-a737792 e-con-full e-flex e-con e-parent\" data-id=\"a737792\" data-element_type=\"container\" data-e-type=\"container\" data-settings=\"{&quot;background_background&quot;:&quot;classic&quot;}\">\n\t\t<div class=\"elementor-element elementor-element-e9062f4 e-flex e-con-boxed e-con e-child\" data-id=\"e9062f4\" data-element_type=\"container\" data-e-type=\"container\">\n\t\t\t\t\t<div class=\"e-con-inner\">\n\t\t\t\t\t<\/div>\n\t\t\t\t<\/div>\n\t\t\t\t<\/div>\n\t\t<div class=\"elementor-element elementor-element-a486e7f e-flex e-con-boxed e-con e-parent\" data-id=\"a486e7f\" data-element_type=\"container\" data-e-type=\"container\">\n\t\t\t\t\t<div class=\"e-con-inner\">\n\t\t\t\t<div class=\"elementor-element elementor-element-892af30 elementor-widget elementor-widget-text-editor\" data-id=\"892af30\" data-element_type=\"widget\" data-e-type=\"widget\" data-widget_type=\"text-editor.default\">\n\t\t\t\t\t\t\t\t\t<h4>1. DATOS DE IDENTIFICACI\u00d3N<\/h4><p>P\u00e1gina web: https:\/\/www.escuelalibreallegra.es<br \/>Titular: ESCUELA LIBRE ALLEGRA<br \/>Domicilio: Calle Hidra, 3, 28023 Aravaca, Madrid<br \/>Contacto: 670 57 62 86<br \/>Responsable del tratamiento de datos: Raquel Rodriguez<br \/>Direcci\u00f3n de correo electr\u00f3nico: info@escuelalibreallegra.es<\/p><h4>2. CONTENIDO DE LA P\u00c1GINA WEB<\/h4><p>2.1 Le advertimos que ESCUELA LIBRE ALLEGRA es la titular de todos los derechos de la propiedad intelectual e industrial de la p\u00e1gina web, as\u00ed como de los elementos contenidos en la misma (a t\u00edtulo enunciativo, im\u00e1genes, sonido, audio, video, software o textos; marcas o logotipos, combinaciones de colores, estructura y dise\u00f1o, selecci\u00f3n de materiales usados, programas de ordenador necesarios para su funcionamiento, acceso y uso, etc.)<\/p><p>2.2 La p\u00e1gina web de ESCUELA LIBRE ALLEGRA est\u00e1 compuesta por textos que pretenden informar a sus usuarios y clientes sobre sus servicios y modelo pedag\u00f3gico. Cualquier error u omisi\u00f3n en el contenido generado no har\u00e1 responsable en ning\u00fan caso a ESCUELA LIBRE ALLEGRA.<\/p><p>2.3 ESCUELA LIBRE ALLEGRA no responde por aquellos contenidos a los que sus usuarios tendr\u00e1n acceso a trav\u00e9s de enlaces de terceros que contiene nuestra p\u00e1gina web. El uso de estos enlaces de terceros no implicar\u00e1 que ESCUELA LIBRE ALLEGRA haya aprobado los contenidos de las p\u00e1ginas externas. A su vez, se informa que ESCUELA LIBRE ALLEGRA tiene el consentimiento para utilizar las marcas de terceros que aparecen la p\u00e1gina web.<\/p><h4>3. POL\u00cdTICA DE PRIVACIDAD Y PROTECCI\u00d3N DE DATOS PERSONALES<\/h4><p>Lea atentamente este texto legal para informarse de c\u00f3mo tratamos sus datos personales y c\u00f3mo debe ejercer sus derechos en caso de que lo considere oportuno.<\/p><p>3.1. Finalidad de los datos recabados<\/p><p>Los datos personales que nos facilite de forma voluntaria, ser\u00e1n tratados de manera confidencial, tal y como exige la normativa vigente sobre Protecci\u00f3n de Datos Personales.<\/p><p>La finalidad de los ficheros de ESCUELA LIBRE ALLEGRA en relaci\u00f3n a los datos que se recaban a trav\u00e9s de la p\u00e1gina web, es la siguiente:<\/p><p>Familias que se pongan en contacto con la escuela:<br \/>Gesti\u00f3n de los usuarios que se pongan en contacto con ESCUELA LIBRE ALLEGRA a trav\u00e9s de su formulario de contacto o de su correo electr\u00f3nico.<\/p><p>Personas que quieran trabajar para la empresa:<br \/>Si le interesa trabajar en ESCUELA LIBRE ALLEGRA y env\u00eda su CV, debe ser consciente que los datos que nos facilite estar\u00e1n debidamente registrados en un fichero espec\u00edfico para esta finalidad, titularidad de ESCUELA LIBRE ALLEGRA<\/p><p>Redes Sociales:<br \/>Desde la p\u00e1gina web www.escuelalibreallegra.esse da acceso directo a sus redes sociales, las cuales tambi\u00e9n podr\u00e1 utilizar para ponerse en contacto con la empresa. Aquellos datos que nos facilite a trav\u00e9s de estos medios se almacenar\u00e1n en un fichero espec\u00edfico para su gesti\u00f3n adecuada.<\/p><p>3.2. Ejercicio de los derechos de acceso, rectificaci\u00f3n, cancelaci\u00f3n y oposici\u00f3n<\/p><p>Puede enviar un escrito al domicilio de ESCUELA LIBRE ALLEGRA o a la direcci\u00f3n de correo electr\u00f3nico que se facilita en la p\u00e1gina web (info@escuelalibreallegra.es) para ejercitar sus derechos de acceso, rectificaci\u00f3n, cancelaci\u00f3n y oposici\u00f3n. En ambos casos deber\u00e1 adjuntar una copia de su DNI o del solicitante, o si lo estimase oportuno, podr\u00e1 firmar la comunicaci\u00f3n en la que ejercite su derecho oportuno con su certificado electr\u00f3nico de tipo reconocido y enviarla a trav\u00e9s de correo electr\u00f3nico.<\/p><p>3.3. Confidencialidad y Seguridad de los datos<\/p><p>Le comunicamos que en relaci\u00f3n con el tratamiento de sus datos personales ESCUELA LIBRE ALLEGRA ha adoptado los niveles de seguridad exigidos por la normativa vigente sobre protecci\u00f3n de datos personales, implantando todas las medidas de seguridad t\u00e9cnicas y organizativas necesarias que garanticen la integridad, confidencialidad y disponibilidad de los datos personales que nos haya facilitado. Adem\u00e1s, ESCUELA LIBRE ALLEGRA tiene instalados los medios t\u00e9cnicos necesarios para evitar la p\u00e9rdida, mal uso, alteraci\u00f3n, acceso no autorizado o robo de los datos personales que nos haya facilitado.<\/p><p>3.4. Comunicaciones<\/p><p>Le informamos de que NO se utilizaran sus datos personales para el env\u00edo de comunicaciones comerciales por correo electr\u00f3nico que no haya solicitado o que no haya autorizado expresamente y de forma previa, tal y como exige la normativa vigente relativa a los servicios de la sociedad de la informaci\u00f3n y del comercio electr\u00f3nico.<\/p><h4>PROTECCI\u00d3N DE LA INFORMACI\u00d3N PERSONAL<\/h4><p>Finalidad del Tratamiento de Datos<\/p><p>Escuela Libre Allegra se compromete a utilizar los datos recabados exclusivamente para la prestaci\u00f3n de los servicios ofrecidos por la escuela:<\/p><p>Responder a las solicitudes enviadas proactivamente por nuestros clientes o clientes potenciales a trav\u00e9s de los formularios de la web www.escuelalibreallegra.es.<\/p><p>Responder a las solicitudes enviadas proactivamente por nuestros clientes o clientes potenciales al correo info@escuelalibreallegra.es.<\/p><p>Enviar comunicaciones informativas siempre y cuando conste una solicitud previa de inscripci\u00f3n a nuestro bolet\u00edn de noticias.<\/p><p>Realizaci\u00f3n peri\u00f3dica de an\u00e1lisis del rendimiento web con fines estad\u00edsticos.<\/p><p>Qu\u00e9 datos se recopilan<\/p><p>Almacenamos los datos que el sujeto incluye en nuestros formulario de contacto, se trata de informaci\u00f3n de contacto b\u00e1sica para poder ponernos en contacto con las familias.<\/p><p>Derechos de Acceso Rectificaci\u00f3n y Borrado de datos<\/p><p>Todo los usuarios que deseen edici\u00f3n o supresi\u00f3n de sus datos almacenados pueden solicitarlo v\u00eda mail a info@escuelalibreallegra.es o a trav\u00e9s del tel\u00e9fono 670 57 62 86.<\/p><p>Derecho de Rectificaci\u00f3n<\/p><p>El usuario en virtud de su derecho de aplicaci\u00f3n, puede exigir a Escuela Libre Allegra la correcci\u00f3n de los datos que considere inexactos. Para ello el usuario debe indicarnos a qu\u00e9 datos se refiere en concreto y la correcci\u00f3n necesaria. La actualizaci\u00f3n de la informaci\u00f3n deber\u00e1 hacerse en un plazo de 30 d\u00edas laborables desde la recepci\u00f3n de la solicitud, el plazo podr\u00e1 prorrogarse hasta 2 meses en caso de producirse un elevado volumen de reclamaciones o de tratarse de una correcci\u00f3n de alta complejidad. En caso de producirse una pr\u00f3rroga Escuela Libre Allegra informar\u00e1 al interesado de la ampliaci\u00f3n del plazo.<\/p><p>Derecho de Supresi\u00f3n<\/p><p>El usuario tiene derecho a que se eliminen sus datos cuando:<\/p><p>\u2013 El interesado haya retirado su consentimiento y no existan otros motivos leg\u00edtimos para el tratamiento.<br \/>\u2013 El almacenamiento de datos ya no sean necesarios para los fines obtenidos.<br \/>\u2013 Se haya hecho un tratamiento il\u00edcito de los datos.<\/p><p>La supresi\u00f3n de la informaci\u00f3n deber\u00e1 hacerse en un plazo de 30 d\u00edas laborables desde la recepci\u00f3n de la solicitud, el plazo podr\u00e1 prorrogarse hasta 2 meses en caso de producirse un elevado volumen de reclamaciones o de tratarse de una correcci\u00f3n de alta complejidad. En caso de producirse una pr\u00f3rroga Escuela Libre Allegra informar\u00e1 al interesado de la ampliaci\u00f3n del plazo.<\/p><p>Derecho de oposici\u00f3n y limitaci\u00f3n<\/p><p>El interesado tiene derecho a que no se lleve a cabo el tratamiento de sus datos personales y a limitar cuando considere pertinente el uso de datos cedidos previamente.<\/p><p>La supresi\u00f3n de la informaci\u00f3n deber\u00e1 hacerse en un plazo de 30 d\u00edas laborables desde la recepci\u00f3n de la solicitud, el plazo podr\u00e1 prorrogarse hasta 2 meses en caso de producirse un elevado volumen de reclamaciones o de tratarse de una correcci\u00f3n de alta complejidad. En caso de producirse una pr\u00f3rroga Escuela Libre Allegra informar\u00e1 al interesado de la ampliaci\u00f3n del plazo.<\/p><p>\u00bfC\u00f3mo ponerse en contacto con nosotros?<\/p><p>Calle Hidra, 3, 28023 Aravaca. Madrid<\/p><p>670 57 62 86<\/p><p>info@escuelalibreallegra.es<\/p><h4>Tratamiento de Datos<\/h4><p>Las operaciones, gestiones y procedimientos t\u00e9cnicos que se realicen de forma automatizada o no automatizada y que posibiliten la recogida, el registro, organizaci\u00f3n, estructuraci\u00f3n, conservaci\u00f3n, adaptaci\u00f3n o modificaci\u00f3n, extracci\u00f3n, consulta, utilizaci\u00f3n, comunicaci\u00f3n por transmisi\u00f3n, difusi\u00f3n o cualquier otra forma de habilitaci\u00f3n de acceso o interconexi\u00f3n, limitaci\u00f3n, supresi\u00f3n o destrucci\u00f3n sobre datos de car\u00e1cter personal o conjuntos de datos personales tienen la consideraci\u00f3n de tratamiento de datos personales.<\/p><p>Recopilamos, utilizamos, divulgamos, transferimos y almacenamos informaci\u00f3n personal cuando es necesario para prestar nuestros servicios y para nuestros prop\u00f3sitos operacionales y de negocio, tal como se describe en la presente Pol\u00edtica de Privacidad.<\/p><p>Escuela Libre Allegra, requerir\u00e1 siempre el consentimiento del interesado para el tratamiento de sus datos personales siendo siempre indicado el fin para el que se recaba dicha informaci\u00f3n. Tambi\u00e9n podremos almacenar datos personales como consecuencia de una relaci\u00f3n contractual o precontractual.<\/p><p>El tipo de datos requeridos ser\u00e1n s\u00f3lo los estrictamente necesario para el ejercicio de las actividades de consultor\u00eda, formaci\u00f3n, implementaci\u00f3n y desarrollo llevadas a cabo por la escuela.<\/p><p>En lo referido al plazo de conservaci\u00f3n de los datos, mantendremos la informaci\u00f3n el tiempo necesario para la finalidad del tratamiento. En los casos en los que la finalidad sea o pueda llegar a ser un servicio peri\u00f3dico los datos se conservar\u00e1n mientras no se retire el consentimiento.<\/p><h4>Reserva del derecho a modificar la Pol\u00edtica de Privacidad<\/h4><p>Escuela Libre Allegra, se reserva el derecho a modificar esta pol\u00edtica de privacidad en cualquier momento, en respuesta a la evoluci\u00f3n de la metodolog\u00eda de trabajo y el desarrollo de nuevos protocolos.<\/p><p>Escuela Libre Allegra, no estar\u00e1 obligada a notificar a los usuarios cada una de estas variaciones, entendi\u00e9ndose como suficiente la publicaci\u00f3n de dichos cambios en la pol\u00edtica de privacidad en el propio sitio web, www.escuelalibreallegra.es, los cambios aplicar\u00e1n solo despu\u00e9s de su publicaci\u00f3n, por ello se indicar\u00e1 siempre la \u00faltima fecha de modificaci\u00f3n.<\/p><p>Fecha de \u00faltima modificaci\u00f3n 22\/04\/26<\/p>\t\t\t\t\t\t\t\t<\/div>\n\t\t\t\t\t<\/div>\n\t\t\t\t<\/div>\n\t\t\t\t<\/div>\n\t\t","protected":false},"excerpt":{"rendered":"<p>1. DATOS DE IDENTIFICACI\u00d3N P\u00e1gina web: https:\/\/www.escuelalibreallegra.esTitular: ESCUELA LIBRE ALLEGRADomicilio: Calle Hidra, 3, 28023 Aravaca, MadridContacto: 670 57 62 86Responsable del tratamiento de datos: Raquel RodriguezDirecci\u00f3n de correo electr\u00f3nico: info@escuelalibreallegra.es 2. CONTENIDO DE LA P\u00c1GINA WEB 2.1 Le advertimos que ESCUELA LIBRE ALLEGRA es la titular de todos los derechos de la propiedad intelectual e [&hellip;]<\/p>\n","protected":false},"author":1,"featured_media":0,"parent":0,"menu_order":0,"comment_status":"closed","ping_status":"closed","template":"elementor_header_footer","meta":{"footnotes":""},"class_list":["post-3","page","type-page","status-publish","hentry"],"aioseo_notices":[],"_links":{"self":[{"href":"https:\/\/escuelalibreallegra.es\/en\/wp-json\/wp\/v2\/pages\/3","targetHints":{"allow":["GET"]}}],"collection":[{"href":"https:\/\/escuelalibreallegra.es\/en\/wp-json\/wp\/v2\/pages"}],"about":[{"href":"https:\/\/escuelalibreallegra.es\/en\/wp-json\/wp\/v2\/types\/page"}],"author":[{"embeddable":true,"href":"https:\/\/escuelalibreallegra.es\/en\/wp-json\/wp\/v2\/users\/1"}],"replies":[{"embeddable":true,"href":"https:\/\/escuelalibreallegra.es\/en\/wp-json\/wp\/v2\/comments?post=3"}],"version-history":[{"count":0,"href":"https:\/\/escuelalibreallegra.es\/en\/wp-json\/wp\/v2\/pages\/3\/revisions"}],"wp:attachment":[{"href":"https:\/\/escuelalibreallegra.es\/en\/wp-json\/wp\/v2\/media?parent=3"}],"curies":[{"name":"wp","href":"https:\/\/api.w.org\/{rel}","templated":true}]}}